{"id":446,"date":"2022-01-11T13:30:43","date_gmt":"2022-01-11T12:30:43","guid":{"rendered":"https:\/\/www.steinbruchag.ch\/?page_id=446"},"modified":"2022-12-14T21:50:43","modified_gmt":"2022-12-14T20:50:43","slug":"notre-profil","status":"publish","type":"page","link":"https:\/\/www.steinbruchag.ch\/fr\/notre-profil\/","title":{"rendered":"Notre profil"},"content":{"rendered":"\n<div class=\"wp-block-group alignfull has-white-background-color has-background\"><div class=\"wp-block-group__inner-container is-layout-flow wp-block-group-is-layout-flow\">\n<div class=\"wp-block-group\"><div class=\"wp-block-group__inner-container is-layout-flow wp-block-group-is-layout-flow\">\n<h2 class=\"wp-block-heading\">Calcaire jurassien pour les routes, jardins et plus encore<\/h2>\n\n\n\n<p class=\"lead\">Depuis environ 70 ans, la roche calcaire est extraite de la carri\u00e8re du \u00abVorberg\u00bb au pied de la montagne de Boujean et est transform\u00e9e en mat\u00e9riau de construction pour la r\u00e9gion.<\/p>\n\n\n\n<div class=\"wp-block-media-text alignwide is-stacked-on-mobile is-vertically-aligned-top hurni-media-text\" style=\"grid-template-columns:35% auto\"><figure class=\"wp-block-media-text__media\"><img loading=\"lazy\" decoding=\"async\" width=\"400\" height=\"300\" src=\"\/wp-content\/uploads\/sites\/4\/2022\/12\/Steinbruch_ueber-uns_1.jpg\" alt=\"\" class=\"wp-image-574 size-full\" srcset=\"https:\/\/www.steinbruchag.ch\/wp-content\/uploads\/sites\/4\/2022\/12\/Steinbruch_ueber-uns_1.jpg 400w, https:\/\/www.steinbruchag.ch\/wp-content\/uploads\/sites\/4\/2022\/12\/Steinbruch_ueber-uns_1-300x225.jpg 300w\" sizes=\"auto, (max-width: 400px) 100vw, 400px\" \/><\/figure><div class=\"wp-block-media-text__content\">\n<h3 class=\"wp-block-heading\">Casser des pierres pour la r\u00e9gion<\/h3>\n\n\n\n<p>La soci\u00e9t\u00e9 Carri\u00e8re du Vorberg S.A. transforme jusqu\u2019\u00e0 150\u2019000 m<sup>3<\/sup> de calcaire jurassien en gravier et pierres concass\u00e9es par an. Elle apporte ainsi une contribution pr\u00e9cieuse \u00e0 la s\u00e9curit\u00e9 d\u2019approvisionnement dans la r\u00e9gion Berne-Seeland.<\/p>\n<\/div><\/div>\n\n\n\n<div class=\"wp-block-media-text alignwide is-stacked-on-mobile is-vertically-aligned-top hurni-media-text\" style=\"grid-template-columns:35% auto\"><figure class=\"wp-block-media-text__media\"><img loading=\"lazy\" decoding=\"async\" width=\"400\" height=\"300\" src=\"\/wp-content\/uploads\/sites\/4\/2022\/12\/Steinbruch_ueber-uns_2.jpg\" alt=\"\" class=\"wp-image-576 size-full\" srcset=\"https:\/\/www.steinbruchag.ch\/wp-content\/uploads\/sites\/4\/2022\/12\/Steinbruch_ueber-uns_2.jpg 400w, https:\/\/www.steinbruchag.ch\/wp-content\/uploads\/sites\/4\/2022\/12\/Steinbruch_ueber-uns_2-300x225.jpg 300w\" sizes=\"auto, (max-width: 400px) 100vw, 400px\" \/><\/figure><div class=\"wp-block-media-text__content\">\n<h3 class=\"wp-block-heading\">Du calcaire jurassien pour de nombreux usages<\/h3>\n\n\n\n<p>Avec des \u00e9quipements de pointe, le calcaire jurassien est trait\u00e9 dans la carri\u00e8re du \u00abVorberg\u00bb \u00e0 des fins tr\u00e8s diverses: gravier et pierres concass\u00e9es pour le g\u00e9nie civil, mat\u00e9riaux de gravier tels que la marne, le gravier de nivellement et les gravillons pour les chemins forestiers et l\u2019horticulture.<\/p>\n<\/div><\/div>\n<\/div><\/div>\n<\/div><\/div>\n","protected":false},"excerpt":{"rendered":"<p>Calcaire jurassien pour les routes, jardins et plus encore Depuis environ 70 ans, la roche calcaire est extraite de la carri\u00e8re du \u00abVorberg\u00bb au pied&hellip;<\/p>\n","protected":false},"author":2,"featured_media":422,"parent":0,"menu_order":200,"comment_status":"closed","ping_status":"closed","template":"","meta":{"inline_featured_image":false,"_uag_custom_page_level_css":"","pgc_sgb_lightbox_settings":"","footnotes":""},"class_list":["post-446","page","type-page","status-publish","has-post-thumbnail","hentry"],"aioseo_notices":[],"uagb_featured_image_src":{"full":["https:\/\/www.steinbruchag.ch\/wp-content\/uploads\/sites\/4\/2022\/01\/Header_Vorberg_U\u0308ber-uns__MOS3916-scaled.jpg",2560,1707,false],"thumbnail":["https:\/\/www.steinbruchag.ch\/wp-content\/uploads\/sites\/4\/2022\/01\/Header_Vorberg_U\u0308ber-uns__MOS3916-150x150.jpg",150,150,true],"medium":["https:\/\/www.steinbruchag.ch\/wp-content\/uploads\/sites\/4\/2022\/01\/Header_Vorberg_U\u0308ber-uns__MOS3916-300x200.jpg",300,200,true],"medium_large":["https:\/\/www.steinbruchag.ch\/wp-content\/uploads\/sites\/4\/2022\/01\/Header_Vorberg_U\u0308ber-uns__MOS3916-768x512.jpg",768,512,true],"large":["https:\/\/www.steinbruchag.ch\/wp-content\/uploads\/sites\/4\/2022\/01\/Header_Vorberg_U\u0308ber-uns__MOS3916-1024x683.jpg",843,562,true],"1536x1536":["https:\/\/www.steinbruchag.ch\/wp-content\/uploads\/sites\/4\/2022\/01\/Header_Vorberg_U\u0308ber-uns__MOS3916-1536x1024.jpg",1536,1024,true],"2048x2048":["https:\/\/www.steinbruchag.ch\/wp-content\/uploads\/sites\/4\/2022\/01\/Header_Vorberg_U\u0308ber-uns__MOS3916-2048x1365.jpg",2048,1365,true]},"uagb_author_info":{"display_name":"gffh","author_link":"https:\/\/www.steinbruchag.ch\/fr\/author\/gffh\/"},"uagb_comment_info":0,"uagb_excerpt":"Calcaire jurassien pour les routes, jardins et plus encore Depuis environ 70 ans, la roche calcaire est extraite de la carri\u00e8re du \u00abVorberg\u00bb au pied&hellip;","_links":{"self":[{"href":"https:\/\/www.steinbruchag.ch\/fr\/wp-json\/wp\/v2\/pages\/446","targetHints":{"allow":["GET"]}}],"collection":[{"href":"https:\/\/www.steinbruchag.ch\/fr\/wp-json\/wp\/v2\/pages"}],"about":[{"href":"https:\/\/www.steinbruchag.ch\/fr\/wp-json\/wp\/v2\/types\/page"}],"author":[{"embeddable":true,"href":"https:\/\/www.steinbruchag.ch\/fr\/wp-json\/wp\/v2\/users\/2"}],"replies":[{"embeddable":true,"href":"https:\/\/www.steinbruchag.ch\/fr\/wp-json\/wp\/v2\/comments?post=446"}],"version-history":[{"count":6,"href":"https:\/\/www.steinbruchag.ch\/fr\/wp-json\/wp\/v2\/pages\/446\/revisions"}],"predecessor-version":[{"id":604,"href":"https:\/\/www.steinbruchag.ch\/fr\/wp-json\/wp\/v2\/pages\/446\/revisions\/604"}],"wp:featuredmedia":[{"embeddable":true,"href":"https:\/\/www.steinbruchag.ch\/fr\/wp-json\/wp\/v2\/media\/422"}],"wp:attachment":[{"href":"https:\/\/www.steinbruchag.ch\/fr\/wp-json\/wp\/v2\/media?parent=446"}],"curies":[{"name":"wp","href":"https:\/\/api.w.org\/{rel}","templated":true}]}}